{"id":4886,"date":"2025-06-05T11:30:23","date_gmt":"2025-06-05T09:30:23","guid":{"rendered":"https:\/\/formdesign.be\/politique-de-confidentialite\/"},"modified":"2025-07-22T14:15:43","modified_gmt":"2025-07-22T12:15:43","slug":"politique-de-confidentialite","status":"publish","type":"page","link":"https:\/\/formdesign.be\/fr\/politique-de-confidentialite\/","title":{"rendered":"Politique de confidentialit\u00e9"},"content":{"rendered":"\t\t<div data-elementor-type=\"wp-page\" data-elementor-id=\"4886\" class=\"elementor elementor-4886 elementor-2329\" data-elementor-post-type=\"page\">\n\t\t\t\t<div class=\"elementor-element elementor-element-605e93f e-flex e-con-boxed e-con e-parent\" data-id=\"605e93f\" data-element_type=\"container\" data-settings=\"{&quot;background_background&quot;:&quot;classic&quot;}\">\n\t\t\t\t\t<div class=\"e-con-inner\">\n\t\t<div class=\"elementor-element elementor-element-1411814 e-con-full e-flex e-con e-child\" data-id=\"1411814\" data-element_type=\"container\">\n\t\t\t\t<div class=\"elementor-element elementor-element-71a552b elementor-widget elementor-widget-text-editor\" data-id=\"71a552b\" data-element_type=\"widget\" data-widget_type=\"text-editor.default\">\n\t\t\t\t<div class=\"elementor-widget-container\">\n\t\t\t\t\t\t\t\t\t<h2>Politique de confidentialit\u00e9<\/h2>\n\t\t\t\t\t\t\t\t<\/div>\n\t\t\t\t<\/div>\n\t\t\t\t<div class=\"elementor-element elementor-element-3da9f51 elementor-widget__width-initial elementor-widget-mobile__width-initial elementor-widget elementor-widget-text-editor\" data-id=\"3da9f51\" data-element_type=\"widget\" data-widget_type=\"text-editor.default\">\n\t\t\t\t<div class=\"elementor-widget-container\">\n\t\t\t\t\t\t\t\t\t<h4>Ce site web est la propri\u00e9t\u00e9 de :<\/h4>\n<p><\/p>\n<p><strong>Form Design<\/strong><br \/>Steenweg van Aalst 114<br \/>9200 Dendermonde<br \/>Belgique<br \/>+32 52 21 58 09<br \/><a href=\"mailto:info@formdesign.be\">info@formdesign.be<\/a><br \/><strong>Num\u00e9ro de TVA :<\/strong> BE 0432.600.006<\/p>\n<p><\/p>\n<p>En acc\u00e9dant au site et en l\u2019utilisant, vous acceptez express\u00e9ment les conditions g\u00e9n\u00e9rales suivantes.<\/p>\n<h4>Droits de propri\u00e9t\u00e9 intellectuelle<\/h4>\n<p><\/p>\n<p>Le contenu de ce site, y compris les marques, logos, dessins, donn\u00e9es, noms de produits ou d\u2019entreprises, textes, images, etc., est prot\u00e9g\u00e9 par des droits de propri\u00e9t\u00e9 intellectuelle et appartient \u00e0 Form Design ou \u00e0 des tiers titulaires de ces droits.<\/p>\n<h4>Limitation de responsabilit\u00e9<\/h4>\n<p><\/p>\n<p>Les informations sur ce site sont de nature g\u00e9n\u00e9rale. Elles ne sont pas adapt\u00e9es \u00e0 des circonstances personnelles ou sp\u00e9cifiques et ne peuvent donc pas \u00eatre consid\u00e9r\u00e9es comme des conseils personnels, professionnels ou juridiques \u00e0 l\u2019utilisateur. Form Design s\u2019efforce de fournir des informations compl\u00e8tes, correctes, pr\u00e9cises et \u00e0 jour. Malgr\u00e9 ces efforts, des inexactitudes peuvent appara\u00eetre. Si certaines informations sont incorrectes ou indisponibles, Form Design s\u2019engage \u00e0 les corriger dans les plus brefs d\u00e9lais. Form Design ne peut \u00eatre tenue responsable de tout dommage direct ou indirect r\u00e9sultant de l\u2019utilisation des informations de ce site. Si vous constatez des erreurs dans les informations fournies via ce site, veuillez contacter l\u2019administrateur du site. Le contenu du site (y compris les liens) peut \u00eatre modifi\u00e9, adapt\u00e9 ou compl\u00e9t\u00e9 \u00e0 tout moment sans pr\u00e9avis. Form Design ne garantit pas le bon fonctionnement du site et ne peut \u00eatre tenue responsable de tout dysfonctionnement, indisponibilit\u00e9 temporaire ou dommage, direct ou indirect, r\u00e9sultant de l\u2019acc\u00e8s ou de l\u2019utilisation du site. Ce site peut contenir des liens hypertextes vers des sites ou pages de tiers. Cela n\u2019implique aucune approbation de leur contenu. Form Design n\u2019a aucun contr\u00f4le sur ces sites et n\u2019est pas responsable de leur contenu, de leurs caract\u00e9ristiques ni des dommages pouvant r\u00e9sulter de leur utilisation.<\/p>\n<h4>Loi applicable et tribunaux comp\u00e9tents<\/h4>\n<p><\/p>\n<p>Ce site est soumis au droit belge. En cas de litige, seuls les tribunaux de l\u2019arrondissement o\u00f9 se situe le si\u00e8ge de Form Design sont comp\u00e9tents.<\/p>\n<h4>Politique de confidentialit\u00e9<\/h4>\n<p><\/p>\n<p>Form Design attache de l\u2019importance \u00e0 votre vie priv\u00e9e et traite les donn\u00e9es personnelles conform\u00e9ment \u00e0 la pr\u00e9sente d\u00e9claration de confidentialit\u00e9. Bien que la plupart des informations sur ce site soient disponibles sans devoir fournir de donn\u00e9es personnelles, il peut vous \u00eatre demand\u00e9 de transmettre des informations personnelles. Celles-ci sont utilis\u00e9es uniquement pour vous tenir inform\u00e9 de nos activit\u00e9s. Pour toute information, question ou remarque concernant notre politique de confidentialit\u00e9, vous pouvez nous contacter via <a href=\"mailto:info@formdesign.be\">info@formdesign.be<\/a> ou consulter notre d\u00e9claration de confidentialit\u00e9.<\/p>\n<h4>Utilisation des cookies<\/h4>\n<p><\/p>\n<h5>Qu\u2019est-ce qu\u2019un cookie ?<\/h5>\n<p><\/p>\n<p>Un cookie est un petit fichier texte qui est enregistr\u00e9 sur votre ordinateur ou appareil mobile lors de la visite d\u2019un site web. Il permet au site de m\u00e9moriser certaines informations sur votre navigation ou vos pr\u00e9f\u00e9rences (comme les param\u00e8tres linguistiques). Les cookies rendent l\u2019utilisation de notre site plus agr\u00e9able et plus efficace. Ils nous aident \u00e0 optimiser votre visite, \u00e0 m\u00e9moriser vos pr\u00e9f\u00e9rences et \u00e0 vous proposer des informations ou offres pertinentes. Vous pouvez refuser ou supprimer les cookies via les param\u00e8tres de votre navigateur.<\/p>\n<h5>Types de cookies que nous utilisons :<\/h5>\n<p><\/p>\n<p><em>Cookies internes (first party cookies)<\/em> : cookies techniques n\u00e9cessaires au bon fonctionnement du site.<br \/>\n<em>Cookies tiers (third party cookies)<\/em> : cookies de tiers, comme Google Analytics ou des int\u00e9grations de m\u00e9dias sociaux. Une autorisation pr\u00e9alable est demand\u00e9e via une banni\u00e8re de cookies.<\/p>\n<h4>Google Analytics<\/h4>\n<p><\/p>\n<p>Ce site utilise Google Analytics pour analyser l\u2019utilisation du site. Google peut traiter les donn\u00e9es aux \u00c9tats-Unis. Votre adresse IP n\u2019est pas combin\u00e9e avec d\u2019autres donn\u00e9es. Vous pouvez d\u00e9sactiver les cookies via les param\u00e8tres de votre navigateur, bien que cela puisse affecter le fonctionnement du site.<\/p>\n<h4>Utilisation de ce site<\/h4>\n<p><\/p>\n<p>En utilisant ce site, vous acceptez l\u2019utilisation de cookies. Vous trouverez plus d\u2019informations \u00e0 ce sujet dans les conditions g\u00e9n\u00e9rales, la d\u00e9claration de confidentialit\u00e9 ou d\u2019autres documents disponibles via Form Design.<\/p>\n<h4>Administrateur du site<\/h4>\n<p><\/p>\n<p>Ce site est publi\u00e9 et g\u00e9r\u00e9 par :<br \/>\n<strong>Digi-Motions \u2013 <a href=\"http:\/\/www.digi-motions.be\/\">www.digi-motions.be<\/a><\/strong><br \/>\n<a href=\"mailto:info@digi-motions.be\">info@digi-motions.be<\/a><\/p>\n\t\t\t\t\t\t\t\t<\/div>\n\t\t\t\t<\/div>\n\t\t\t\t<\/div>\n\t\t\t\t\t<\/div>\n\t\t\t\t<\/div>\n\t\t\t\t<\/div>\n\t\t","protected":false},"excerpt":{"rendered":"<p>Politique de confidentialit\u00e9 Ce site web est la propri\u00e9t\u00e9 de : Form DesignSteenweg van Aalst 1149200 DendermondeBelgique+32 52 21 58 09info@formdesign.beNum\u00e9ro de TVA : BE 0432.600.006 En acc\u00e9dant au site et en l\u2019utilisant, vous acceptez express\u00e9ment les conditions g\u00e9n\u00e9rales suivantes. Droits de propri\u00e9t\u00e9 intellectuelle Le contenu de ce site, y compris les marques, logos, dessins, [&hellip;]<\/p>\n","protected":false},"author":1,"featured_media":0,"parent":0,"menu_order":0,"comment_status":"closed","ping_status":"closed","template":"","meta":{"site-sidebar-layout":"no-sidebar","site-content-layout":"page-builder","ast-site-content-layout":"full-width-container","site-content-style":"unboxed","site-sidebar-style":"unboxed","ast-global-header-display":"","ast-banner-title-visibility":"","ast-main-header-display":"","ast-hfb-above-header-display":"","ast-hfb-below-header-display":"","ast-hfb-mobile-header-display":"","site-post-title":"disabled","ast-breadcrumbs-content":"disabled","ast-featured-img":"disabled","footer-sml-layout":"","theme-transparent-header-meta":"enabled","adv-header-id-meta":"","stick-header-meta":"","header-above-stick-meta":"","header-main-stick-meta":"","header-below-stick-meta":"","astra-migrate-meta-layouts":"default","ast-page-background-enabled":"default","ast-page-background-meta":{"desktop":{"background-color":"","background-image":"","background-repeat":"repeat","background-position":"center center","background-size":"auto","background-attachment":"scroll","background-type":"","background-media":"","overlay-type":"","overlay-color":"","overlay-opacity":"","overlay-gradient":""},"tablet":{"background-color":"","background-image":"","background-repeat":"repeat","background-position":"center center","background-size":"auto","background-attachment":"scroll","background-type":"","background-media":"","overlay-type":"","overlay-color":"","overlay-opacity":"","overlay-gradient":""},"mobile":{"background-color":"","background-image":"","background-repeat":"repeat","background-position":"center center","background-size":"auto","background-attachment":"scroll","background-type":"","background-media":"","overlay-type":"","overlay-color":"","overlay-opacity":"","overlay-gradient":""}},"ast-content-background-meta":{"desktop":{"background-color":"var(--ast-global-color-5)","background-image":"","background-repeat":"repeat","background-position":"center center","background-size":"auto","background-attachment":"scroll","background-type":"","background-media":"","overlay-type":"","overlay-color":"","overlay-opacity":"","overlay-gradient":""},"tablet":{"background-color":"var(--ast-global-color-5)","background-image":"","background-repeat":"repeat","background-position":"center center","background-size":"auto","background-attachment":"scroll","background-type":"","background-media":"","overlay-type":"","overlay-color":"","overlay-opacity":"","overlay-gradient":""},"mobile":{"background-color":"var(--ast-global-color-5)","background-image":"","background-repeat":"repeat","background-position":"center center","background-size":"auto","background-attachment":"scroll","background-type":"","background-media":"","overlay-type":"","overlay-color":"","overlay-opacity":"","overlay-gradient":""}},"footnotes":""},"categories":[],"tags":[],"class_list":["post-4886","page","type-page","status-publish","hentry"],"yoast_head":"<!-- This site is optimized with the Yoast SEO plugin v26.5 - https:\/\/yoast.com\/wordpress\/plugins\/seo\/ -->\n<title>Form Design | Privacybeleid<\/title>\n<meta name=\"robots\" content=\"index, follow, max-snippet:-1, max-image-preview:large, max-video-preview:-1\" \/>\n<link rel=\"canonical\" href=\"https:\/\/formdesign.be\/fr\/politique-de-confidentialite\/\" \/>\n<meta property=\"og:locale\" content=\"fr_FR\" \/>\n<meta property=\"og:type\" content=\"article\" \/>\n<meta property=\"og:title\" content=\"Form Design | Privacybeleid\" \/>\n<meta property=\"og:description\" content=\"Politique de confidentialit\u00e9 Ce site web est la propri\u00e9t\u00e9 de : Form DesignSteenweg van Aalst 1149200 DendermondeBelgique+32 52 21 58 09info@formdesign.beNum\u00e9ro de TVA : BE 0432.600.006 En acc\u00e9dant au site et en l\u2019utilisant, vous acceptez express\u00e9ment les conditions g\u00e9n\u00e9rales suivantes. Droits de propri\u00e9t\u00e9 intellectuelle Le contenu de ce site, y compris les marques, logos, dessins, [&hellip;]\" \/>\n<meta property=\"og:url\" content=\"https:\/\/formdesign.be\/fr\/politique-de-confidentialite\/\" \/>\n<meta property=\"og:site_name\" content=\"Form Design\" \/>\n<meta property=\"article:modified_time\" content=\"2025-07-22T12:15:43+00:00\" \/>\n<meta name=\"twitter:card\" content=\"summary_large_image\" \/>\n<meta name=\"twitter:label1\" content=\"Dur\u00e9e de lecture estim\u00e9e\" \/>\n\t<meta name=\"twitter:data1\" content=\"4 minutes\" \/>\n<script type=\"application\/ld+json\" class=\"yoast-schema-graph\">{\"@context\":\"https:\/\/schema.org\",\"@graph\":[{\"@type\":\"WebPage\",\"@id\":\"https:\/\/formdesign.be\/fr\/politique-de-confidentialite\/\",\"url\":\"https:\/\/formdesign.be\/fr\/politique-de-confidentialite\/\",\"name\":\"Form Design | Privacybeleid\",\"isPartOf\":{\"@id\":\"https:\/\/formdesign.be\/fr\/#website\"},\"datePublished\":\"2025-06-05T09:30:23+00:00\",\"dateModified\":\"2025-07-22T12:15:43+00:00\",\"breadcrumb\":{\"@id\":\"https:\/\/formdesign.be\/fr\/politique-de-confidentialite\/#breadcrumb\"},\"inLanguage\":\"fr-FR\",\"potentialAction\":[{\"@type\":\"ReadAction\",\"target\":[\"https:\/\/formdesign.be\/fr\/politique-de-confidentialite\/\"]}]},{\"@type\":\"BreadcrumbList\",\"@id\":\"https:\/\/formdesign.be\/fr\/politique-de-confidentialite\/#breadcrumb\",\"itemListElement\":[{\"@type\":\"ListItem\",\"position\":1,\"name\":\"Home\",\"item\":\"https:\/\/formdesign.be\/fr\/\"},{\"@type\":\"ListItem\",\"position\":2,\"name\":\"Politique de confidentialit\u00e9\"}]},{\"@type\":\"WebSite\",\"@id\":\"https:\/\/formdesign.be\/fr\/#website\",\"url\":\"https:\/\/formdesign.be\/fr\/\",\"name\":\"Form Design\",\"description\":\"De akoestiek van een gebouw is specialistenwerk\",\"publisher\":{\"@id\":\"https:\/\/formdesign.be\/fr\/#organization\"},\"potentialAction\":[{\"@type\":\"SearchAction\",\"target\":{\"@type\":\"EntryPoint\",\"urlTemplate\":\"https:\/\/formdesign.be\/fr\/?s={search_term_string}\"},\"query-input\":{\"@type\":\"PropertyValueSpecification\",\"valueRequired\":true,\"valueName\":\"search_term_string\"}}],\"inLanguage\":\"fr-FR\"},{\"@type\":\"Organization\",\"@id\":\"https:\/\/formdesign.be\/fr\/#organization\",\"name\":\"Form Design\",\"url\":\"https:\/\/formdesign.be\/fr\/\",\"logo\":{\"@type\":\"ImageObject\",\"inLanguage\":\"fr-FR\",\"@id\":\"https:\/\/formdesign.be\/fr\/#\/schema\/logo\/image\/\",\"url\":\"https:\/\/formdesign.be\/wp-content\/uploads\/2024\/12\/Formdesign_logo.png\",\"contentUrl\":\"https:\/\/formdesign.be\/wp-content\/uploads\/2024\/12\/Formdesign_logo.png\",\"width\":713,\"height\":200,\"caption\":\"Form Design\"},\"image\":{\"@id\":\"https:\/\/formdesign.be\/fr\/#\/schema\/logo\/image\/\"},\"sameAs\":[\"https:\/\/www.instagram.com\/form_designbv\/\",\"https:\/\/www.linkedin.com\/company\/form-design-bv\/\"]}]}<\/script>\n<!-- \/ Yoast SEO plugin. -->","yoast_head_json":{"title":"Form Design | Privacybeleid","robots":{"index":"index","follow":"follow","max-snippet":"max-snippet:-1","max-image-preview":"max-image-preview:large","max-video-preview":"max-video-preview:-1"},"canonical":"https:\/\/formdesign.be\/fr\/politique-de-confidentialite\/","og_locale":"fr_FR","og_type":"article","og_title":"Form Design | Privacybeleid","og_description":"Politique de confidentialit\u00e9 Ce site web est la propri\u00e9t\u00e9 de : Form DesignSteenweg van Aalst 1149200 DendermondeBelgique+32 52 21 58 09info@formdesign.beNum\u00e9ro de TVA : BE 0432.600.006 En acc\u00e9dant au site et en l\u2019utilisant, vous acceptez express\u00e9ment les conditions g\u00e9n\u00e9rales suivantes. Droits de propri\u00e9t\u00e9 intellectuelle Le contenu de ce site, y compris les marques, logos, dessins, [&hellip;]","og_url":"https:\/\/formdesign.be\/fr\/politique-de-confidentialite\/","og_site_name":"Form Design","article_modified_time":"2025-07-22T12:15:43+00:00","twitter_card":"summary_large_image","twitter_misc":{"Dur\u00e9e de lecture estim\u00e9e":"4 minutes"},"schema":{"@context":"https:\/\/schema.org","@graph":[{"@type":"WebPage","@id":"https:\/\/formdesign.be\/fr\/politique-de-confidentialite\/","url":"https:\/\/formdesign.be\/fr\/politique-de-confidentialite\/","name":"Form Design | Privacybeleid","isPartOf":{"@id":"https:\/\/formdesign.be\/fr\/#website"},"datePublished":"2025-06-05T09:30:23+00:00","dateModified":"2025-07-22T12:15:43+00:00","breadcrumb":{"@id":"https:\/\/formdesign.be\/fr\/politique-de-confidentialite\/#breadcrumb"},"inLanguage":"fr-FR","potentialAction":[{"@type":"ReadAction","target":["https:\/\/formdesign.be\/fr\/politique-de-confidentialite\/"]}]},{"@type":"BreadcrumbList","@id":"https:\/\/formdesign.be\/fr\/politique-de-confidentialite\/#breadcrumb","itemListElement":[{"@type":"ListItem","position":1,"name":"Home","item":"https:\/\/formdesign.be\/fr\/"},{"@type":"ListItem","position":2,"name":"Politique de confidentialit\u00e9"}]},{"@type":"WebSite","@id":"https:\/\/formdesign.be\/fr\/#website","url":"https:\/\/formdesign.be\/fr\/","name":"Form Design","description":"De akoestiek van een gebouw is specialistenwerk","publisher":{"@id":"https:\/\/formdesign.be\/fr\/#organization"},"potentialAction":[{"@type":"SearchAction","target":{"@type":"EntryPoint","urlTemplate":"https:\/\/formdesign.be\/fr\/?s={search_term_string}"},"query-input":{"@type":"PropertyValueSpecification","valueRequired":true,"valueName":"search_term_string"}}],"inLanguage":"fr-FR"},{"@type":"Organization","@id":"https:\/\/formdesign.be\/fr\/#organization","name":"Form Design","url":"https:\/\/formdesign.be\/fr\/","logo":{"@type":"ImageObject","inLanguage":"fr-FR","@id":"https:\/\/formdesign.be\/fr\/#\/schema\/logo\/image\/","url":"https:\/\/formdesign.be\/wp-content\/uploads\/2024\/12\/Formdesign_logo.png","contentUrl":"https:\/\/formdesign.be\/wp-content\/uploads\/2024\/12\/Formdesign_logo.png","width":713,"height":200,"caption":"Form Design"},"image":{"@id":"https:\/\/formdesign.be\/fr\/#\/schema\/logo\/image\/"},"sameAs":["https:\/\/www.instagram.com\/form_designbv\/","https:\/\/www.linkedin.com\/company\/form-design-bv\/"]}]}},"_links":{"self":[{"href":"https:\/\/formdesign.be\/fr\/wp-json\/wp\/v2\/pages\/4886","targetHints":{"allow":["GET"]}}],"collection":[{"href":"https:\/\/formdesign.be\/fr\/wp-json\/wp\/v2\/pages"}],"about":[{"href":"https:\/\/formdesign.be\/fr\/wp-json\/wp\/v2\/types\/page"}],"author":[{"embeddable":true,"href":"https:\/\/formdesign.be\/fr\/wp-json\/wp\/v2\/users\/1"}],"replies":[{"embeddable":true,"href":"https:\/\/formdesign.be\/fr\/wp-json\/wp\/v2\/comments?post=4886"}],"version-history":[{"count":1,"href":"https:\/\/formdesign.be\/fr\/wp-json\/wp\/v2\/pages\/4886\/revisions"}],"predecessor-version":[{"id":4887,"href":"https:\/\/formdesign.be\/fr\/wp-json\/wp\/v2\/pages\/4886\/revisions\/4887"}],"wp:attachment":[{"href":"https:\/\/formdesign.be\/fr\/wp-json\/wp\/v2\/media?parent=4886"}],"wp:term":[{"taxonomy":"category","embeddable":true,"href":"https:\/\/formdesign.be\/fr\/wp-json\/wp\/v2\/categories?post=4886"},{"taxonomy":"post_tag","embeddable":true,"href":"https:\/\/formdesign.be\/fr\/wp-json\/wp\/v2\/tags?post=4886"}],"curies":[{"name":"wp","href":"https:\/\/api.w.org\/{rel}","templated":true}]}}